{"id":12,"date":"2023-05-03T11:57:37","date_gmt":"2023-05-03T11:57:37","guid":{"rendered":"http:\/\/impreza.us-themes.net\/pages\/about\/"},"modified":"2024-01-04T12:12:44","modified_gmt":"2024-01-04T12:12:44","slug":"spiritplanning-kontakt","status":"publish","type":"page","link":"https:\/\/www.geniusloci-baukultur.com\/en\/spiritplanning-kontakt","title":{"rendered":"SpiritPlanning Contact"},"content":{"rendered":"<section class=\"l-section wpb_row us_custom_aa12ce14 height_auto\"><div class=\"l-section-h i-cf\"><div class=\"g-cols vc_row via_flex valign_top type_default stacking_default\"><div class=\"vc_col-sm-12 wpb_column vc_column_container\"><div class=\"vc_column-inner\"><div class=\"wpb_wrapper\"><\/div><\/div><\/div><\/div><\/div><\/section><section class=\"l-section wpb_row height_auto width_full\"><div class=\"l-section-h i-cf\"><div class=\"g-cols vc_row via_flex valign_top type_default stacking_default\"><div class=\"vc_col-sm-12 wpb_column vc_column_container\"><div class=\"vc_column-inner\"><div class=\"wpb_wrapper\"><div class=\"w-map provider_osm us_custom_70b40c4d\" id=\"us_map_1\"><div class=\"w-map-inner\"><div class=\"w-map-json\" onclick='return {&quot;address&quot;:&quot;Herderstra\\u00dfe 32, 40237 D\\u00fcsseldorf, Deutschland&quot;,&quot;disableDragging&quot;:0,&quot;disableZoom&quot;:0,&quot;hideControls&quot;:0,&quot;zoom&quot;:15,&quot;markers&quot;:[{&quot;address&quot;:&quot;Herderstra\\u00dfe 32, 40237 D\\u00fcsseldorf, Deutschland&quot;,&quot;html&quot;:&quot;Genius Loci Baukultur GmbH\\nArchitektenb\\u00fcro&quot;,&quot;infowindow&quot;:0}],&quot;icon&quot;:{&quot;url&quot;:&quot;https:\\\/\\\/www.geniusloci-baukultur.com\\\/wp-content\\\/uploads\\\/2013\\\/05\\\/googlemap-marker.png&quot;,&quot;size&quot;:[60,60]},&quot;style&quot;:&quot;https:\\\/\\\/{s}.tile.openstreetmap.org\\\/{z}\\\/{x}\\\/{y}.png&quot;}'><\/div><\/div><\/div><\/div><\/div><\/div><\/div><\/div><\/section><section class=\"l-section wpb_row height_medium\"><div class=\"l-section-h i-cf\"><div class=\"g-cols vc_row via_flex valign_top type_boxes stacking_default\" style=\"--additional-gap:10px;\"><div class=\"vc_col-sm-4 wpb_column vc_column_container\"><div class=\"vc_column-inner\"><div class=\"wpb_wrapper\"><div class=\"wpb_text_column us_custom_70facfb4 header-uppercase-23\"><div class=\"wpb_wrapper\"><h3>Kontaktinfo<\/h3>\n<\/div><\/div><div class=\"w-iconbox iconpos_left style_outlined color_custom align_left no_title\"><div class=\"w-iconbox-icon\" style=\"font-size:22px;\"><i class=\"fas fa-map-marker-alt\"><\/i><\/div><div class=\"w-iconbox-meta\"><div class=\"w-iconbox-text\"><p>Genius Loci Baukultur GmbH<br \/>\nHerderstra\u00dfe 32,<br \/>\nD-40237 D\u00fcsseldorf<\/p>\n<\/div><\/div><\/div><div class=\"w-separator size_small with_line width_default thick_1 style_solid color_border align_center\"><div class=\"w-separator-h\"><\/div><\/div><div class=\"w-iconbox iconpos_left style_outlined color_custom align_left no_title\"><div class=\"w-iconbox-icon\" style=\"font-size:22px;\"><i class=\"fas fa-phone\"><\/i><\/div><div class=\"w-iconbox-meta\"><div class=\"w-iconbox-text\"><p>Tel.: +49 211 66 88 609<br \/>\nFax: +49 211 66 88 607<\/p>\n<\/div><\/div><\/div><div class=\"w-separator size_small with_line width_default thick_1 style_solid color_border align_center\"><div class=\"w-separator-h\"><\/div><\/div><div class=\"w-iconbox iconpos_left style_outlined color_custom align_left no_title\"><div class=\"w-iconbox-icon\" style=\"font-size:22px;\"><i class=\"far fa-clock\"><\/i><\/div><div class=\"w-iconbox-meta\"><div class=\"w-iconbox-text\"><p>\u00d6ffnungszeiten:<br \/>\nMo. \u2013 Fr.: 9:00 \u2013 13:00 Uhr<br \/>\nund nach Vereinbarung<\/p>\n<\/div><\/div><\/div><div class=\"w-separator size_medium with_line width_default thick_1 style_solid color_border align_center\"><div class=\"w-separator-h\"><\/div><\/div><\/div><\/div><\/div><div class=\"vc_col-sm-8 wpb_column vc_column_container\"><div class=\"vc_column-inner\"><div class=\"wpb_wrapper\"><div class=\"wpb_text_column us_custom_70facfb4 header-uppercase-23 sp-border-btm\"><div class=\"wpb_wrapper\"><h3><span class=\"w-text-value\">Haben Sie Impulse, Fragen oder Wu\u0308nsche?<\/span><\/h3>\n<\/div><\/div><div class=\"wpb_text_column zitat-autor\"><div class=\"wpb_wrapper\"><p>Wandel lebt von dem Gespr\u00e4ch auf Augenh\u00f6he.<br \/>\nIch freue mich, wenn Sie mich pers\u00f6nlich kontaktieren und ich Ihnen helfen kann.<\/p>\n<\/div><\/div><div class=\"w-separator size_custom\" style=\"height:2rem\"><\/div><div class=\"wpb_text_column\"><div class=\"wpb_wrapper\">\n<div class=\"wpcf7 no-js\" id=\"wpcf7-f8625-o1\" lang=\"de-DE\" dir=\"ltr\" data-wpcf7-id=\"8625\">\n<div class=\"screen-reader-response\"><p role=\"status\" aria-live=\"polite\" aria-atomic=\"true\"><\/p> <ul><\/ul><\/div>\n<form action=\"\/en\/wp-json\/wp\/v2\/pages\/12#wpcf7-f8625-o1\" method=\"post\" class=\"wpcf7-form init\" aria-label=\"Kontaktformular\" novalidate=\"novalidate\" data-status=\"init\">\n<fieldset class=\"hidden-fields-container\"><input type=\"hidden\" name=\"_wpcf7\" value=\"8625\" \/><input type=\"hidden\" name=\"_wpcf7_version\" value=\"6.1.5\" \/><input type=\"hidden\" name=\"_wpcf7_locale\" value=\"de_DE\" \/><input type=\"hidden\" name=\"_wpcf7_unit_tag\" value=\"wpcf7-f8625-o1\" \/><input type=\"hidden\" name=\"_wpcf7_container_post\" value=\"0\" \/><input type=\"hidden\" name=\"_wpcf7_posted_data_hash\" value=\"\" \/>\n<\/fieldset>\n<p><span id=\"wpcf7-69f26edabe0f9-wrapper\" class=\"wpcf7-form-control-wrap website-wrap\" style=\"display:none !important; visibility:hidden !important;\"><label for=\"wpcf7-69f26edabe0f9-field\" class=\"hp-message\">Bitte lasse dieses Feld leer.<\/label><input id=\"wpcf7-69f26edabe0f9-field\"  class=\"wpcf7-form-control wpcf7-text\" type=\"text\" name=\"website\" value=\"\" size=\"40\" tabindex=\"-1\" autocomplete=\"new-password\" \/><\/span><label ><span class=\"wpcf7-form-control-wrap\" data-name=\"your-name\"><input size=\"40\" maxlength=\"400\" class=\"wpcf7-form-control wpcf7-text wpcf7-validates-as-required\" aria-required=\"true\" aria-invalid=\"false\" placeholder=\"Ihr Name*\" value=\"\" type=\"text\" name=\"your-name\" \/><\/span> <\/label><br \/>\n<span id=\"wpcf7-69f26edabe1a8-wrapper\" class=\"wpcf7-form-control-wrap email-wrap\" style=\"display:none !important; visibility:hidden !important;\"><label for=\"wpcf7-69f26edabe1a8-field\" class=\"hp-message\">Bitte lasse dieses Feld leer.<\/label><input id=\"wpcf7-69f26edabe1a8-field\"  class=\"wpcf7-form-control wpcf7-text\" type=\"text\" name=\"email\" value=\"\" size=\"40\" tabindex=\"-1\" autocomplete=\"new-password\" \/><\/span><label><span class=\"wpcf7-form-control-wrap\" data-name=\"your-email\"><input size=\"40\" maxlength=\"400\" class=\"wpcf7-form-control wpcf7-email wpcf7-validates-as-required wpcf7-text wpcf7-validates-as-email\" aria-required=\"true\" aria-invalid=\"false\" placeholder=\"Ihre Email-Adresse*\" value=\"\" type=\"email\" name=\"your-email\" \/><\/span> <\/label>\n<\/p>\n<div>\n\t<p>BETREFF:\n\t<\/p>\n<\/div>\n<p><span class=\"wpcf7-form-control-wrap\" data-name=\"menu-173\"><select class=\"wpcf7-form-control wpcf7-select wpcf7-validates-as-required\" aria-required=\"true\" aria-invalid=\"false\" name=\"menu-173\"><option value=\"Allgemein\">Allgemein<\/option><option value=\"Beratung\">Beratung<\/option><option value=\"Planung\">Planung<\/option><option value=\"Termin vereinbaren\">Termin vereinbaren<\/option><option value=\"Raum Pro 360 fragen\">Raum Pro 360 fragen<\/option><\/select><\/span><br \/>\n<label><span class=\"wpcf7-form-control-wrap\" data-name=\"your-message\"><textarea cols=\"40\" rows=\"10\" maxlength=\"2000\" class=\"wpcf7-form-control wpcf7-textarea\" aria-invalid=\"false\" placeholder=\"Ihre Nachricht\" name=\"your-message\"><\/textarea><\/span> <\/label><br \/>\n<span id=\"wpcf7-69f26edabe29d-wrapper\" class=\"wpcf7-form-control-wrap submit-wrap\" style=\"display:none !important; visibility:hidden !important;\"><label for=\"wpcf7-69f26edabe29d-field\" class=\"hp-message\">Bitte lasse dieses Feld leer.<\/label><input id=\"wpcf7-69f26edabe29d-field\"  class=\"wpcf7-form-control wpcf7-text\" type=\"text\" name=\"submit\" value=\"\" size=\"40\" tabindex=\"-1\" autocomplete=\"new-password\" \/><\/span>\n<\/p>\n<div class=\"text-s cr-notice\">\n\t<p><span class=\"wpcf7-form-control-wrap\" data-name=\"accept-23\"><span class=\"wpcf7-form-control wpcf7-acceptance\"><span class=\"wpcf7-list-item\"><label><input type=\"checkbox\" name=\"accept-23\" value=\"1\" aria-invalid=\"false\" \/><span class=\"wpcf7-list-item-label\">Mit Eintrag Ihrer Daten erlauben Sie uns, diese zu erheben, zu speichern und zu nutzen und erlauben widerrufbar, Ihnen in unregelm\u00e4\u00dfigen Abst\u00e4nden Informationen zu unseren Leistungen zu schicken. Hinweis zum <b><a href=\"\/datenschutzerklaerung\/\">Datenschutzerkl\u00e4rung<\/a><\/b><\/span><\/label><\/span><\/span><\/span>\n\t<\/p>\n<\/div>\n<p class=\"cr_button\"><input class=\"wpcf7-form-control wpcf7-submit has-spinner\" type=\"submit\" value=\"Senden\" \/>\n<\/p><div class=\"wpcf7-response-output\" aria-hidden=\"true\"><\/div>\n<\/form>\n<\/div>\n\n<\/div><\/div><\/div><\/div><\/div><\/div><\/div><\/section>\n","protected":false},"excerpt":{"rendered":"Kontaktinfo Genius Loci Baukultur GmbH Herderstra\u00dfe 32, D-40237 D\u00fcsseldorf Tel.: +49 211 66 88 609 Fax: +49 211 66 88 607 \u00d6ffnungszeiten: Mo. \u2013 Fr.: 9:00 \u2013 13:00 Uhr und nach Vereinbarung Haben Sie Impulse, Fragen oder Wu\u0308nsche? Wandel lebt von dem Gespr\u00e4ch auf Augenh\u00f6he. Ich freue mich, wenn Sie mich pers\u00f6nlich kontaktieren und ich...","protected":false},"author":1,"featured_media":0,"parent":0,"menu_order":0,"comment_status":"closed","ping_status":"closed","template":"","meta":{"_acf_changed":false,"footnotes":""},"class_list":["post-12","page","type-page","status-publish","hentry"],"acf":[],"yoast_head":"<!-- This site is optimized with the Yoast SEO plugin v27.4 - https:\/\/yoast.com\/product\/yoast-seo-wordpress\/ -->\n<title>SpiritPlanning Kontakt - Genius Loci Baukultur: Innenarchitektur in einer neuen Dimension<\/title>\n<meta name=\"robots\" content=\"index, follow, max-snippet:-1, max-image-preview:large, max-video-preview:-1\" \/>\n<link rel=\"canonical\" href=\"https:\/\/www.geniusloci-baukultur.com\/en\/spiritplanning-kontakt\/\" \/>\n<meta property=\"og:locale\" content=\"en_US\" \/>\n<meta property=\"og:type\" content=\"article\" \/>\n<meta property=\"og:title\" content=\"SpiritPlanning Kontakt - Genius Loci Baukultur: Innenarchitektur in einer neuen Dimension\" \/>\n<meta property=\"og:url\" content=\"https:\/\/www.geniusloci-baukultur.com\/en\/spiritplanning-kontakt\/\" \/>\n<meta property=\"og:site_name\" content=\"Genius Loci Baukultur: Innenarchitektur in einer neuen Dimension\" \/>\n<meta property=\"article:publisher\" content=\"https:\/\/www.facebook.com\/InnenarchitektinKathrinSchmack\/\" \/>\n<meta property=\"article:modified_time\" content=\"2024-01-04T12:12:44+00:00\" \/>\n<meta name=\"twitter:card\" content=\"summary_large_image\" \/>\n<meta name=\"twitter:site\" content=\"@0104genius2008\" \/>\n<meta name=\"twitter:label1\" content=\"Est. reading time\" \/>\n\t<meta name=\"twitter:data1\" content=\"1 minute\" \/>\n<script type=\"application\/ld+json\" class=\"yoast-schema-graph\">{\"@context\":\"https:\\\/\\\/schema.org\",\"@graph\":[{\"@type\":\"WebPage\",\"@id\":\"https:\\\/\\\/www.geniusloci-baukultur.com\\\/spiritplanning-kontakt\",\"url\":\"https:\\\/\\\/www.geniusloci-baukultur.com\\\/spiritplanning-kontakt\",\"name\":\"SpiritPlanning Kontakt - Genius Loci Baukultur: Innenarchitektur in einer neuen Dimension\",\"isPartOf\":{\"@id\":\"https:\\\/\\\/www.geniusloci-baukultur.com\\\/#website\"},\"datePublished\":\"2023-05-03T11:57:37+00:00\",\"dateModified\":\"2024-01-04T12:12:44+00:00\",\"breadcrumb\":{\"@id\":\"https:\\\/\\\/www.geniusloci-baukultur.com\\\/spiritplanning-kontakt#breadcrumb\"},\"inLanguage\":\"en-US\",\"potentialAction\":[{\"@type\":\"ReadAction\",\"target\":[\"https:\\\/\\\/www.geniusloci-baukultur.com\\\/spiritplanning-kontakt\"]}]},{\"@type\":\"BreadcrumbList\",\"@id\":\"https:\\\/\\\/www.geniusloci-baukultur.com\\\/spiritplanning-kontakt#breadcrumb\",\"itemListElement\":[{\"@type\":\"ListItem\",\"position\":1,\"name\":\"Startseite\",\"item\":\"https:\\\/\\\/www.geniusloci-baukultur.com\\\/\"},{\"@type\":\"ListItem\",\"position\":2,\"name\":\"SpiritPlanning Kontakt\"}]},{\"@type\":\"WebSite\",\"@id\":\"https:\\\/\\\/www.geniusloci-baukultur.com\\\/#website\",\"url\":\"https:\\\/\\\/www.geniusloci-baukultur.com\\\/\",\"name\":\"Genius Loci Baukultur: Innenarchitektur in einer neuen Dimension\",\"description\":\"nachhaltig \u00b7 effektiv \u00b7 im Einklang\",\"publisher\":{\"@id\":\"https:\\\/\\\/www.geniusloci-baukultur.com\\\/#organization\"},\"potentialAction\":[{\"@type\":\"SearchAction\",\"target\":{\"@type\":\"EntryPoint\",\"urlTemplate\":\"https:\\\/\\\/www.geniusloci-baukultur.com\\\/?s={search_term_string}\"},\"query-input\":{\"@type\":\"PropertyValueSpecification\",\"valueRequired\":true,\"valueName\":\"search_term_string\"}}],\"inLanguage\":\"en-US\"},{\"@type\":\"Organization\",\"@id\":\"https:\\\/\\\/www.geniusloci-baukultur.com\\\/#organization\",\"name\":\"Genius Loci Baukultur GmbH\",\"url\":\"https:\\\/\\\/www.geniusloci-baukultur.com\\\/\",\"logo\":{\"@type\":\"ImageObject\",\"inLanguage\":\"en-US\",\"@id\":\"https:\\\/\\\/www.geniusloci-baukultur.com\\\/#\\\/schema\\\/logo\\\/image\\\/\",\"url\":\"https:\\\/\\\/www.geniusloci-baukultur.com\\\/wp-content\\\/uploads\\\/2017\\\/05\\\/geniusloci-logo.png\",\"contentUrl\":\"https:\\\/\\\/www.geniusloci-baukultur.com\\\/wp-content\\\/uploads\\\/2017\\\/05\\\/geniusloci-logo.png\",\"width\":600,\"height\":698,\"caption\":\"Genius Loci Baukultur GmbH\"},\"image\":{\"@id\":\"https:\\\/\\\/www.geniusloci-baukultur.com\\\/#\\\/schema\\\/logo\\\/image\\\/\"},\"sameAs\":[\"https:\\\/\\\/www.facebook.com\\\/InnenarchitektinKathrinSchmack\\\/\",\"https:\\\/\\\/x.com\\\/0104genius2008\",\"https:\\\/\\\/www.instagram.com\\\/geniuslocibaukultur\\\/\"]}]}<\/script>\n<!-- \/ Yoast SEO plugin. -->","yoast_head_json":{"title":"SpiritPlanning Kontakt - Genius Loci Baukultur: Innenarchitektur in einer neuen Dimension","robots":{"index":"index","follow":"follow","max-snippet":"max-snippet:-1","max-image-preview":"max-image-preview:large","max-video-preview":"max-video-preview:-1"},"canonical":"https:\/\/www.geniusloci-baukultur.com\/en\/spiritplanning-kontakt\/","og_locale":"en_US","og_type":"article","og_title":"SpiritPlanning Kontakt - Genius Loci Baukultur: Innenarchitektur in einer neuen Dimension","og_url":"https:\/\/www.geniusloci-baukultur.com\/en\/spiritplanning-kontakt\/","og_site_name":"Genius Loci Baukultur: Innenarchitektur in einer neuen Dimension","article_publisher":"https:\/\/www.facebook.com\/InnenarchitektinKathrinSchmack\/","article_modified_time":"2024-01-04T12:12:44+00:00","twitter_card":"summary_large_image","twitter_site":"@0104genius2008","twitter_misc":{"Est. reading time":"1 minute"},"schema":{"@context":"https:\/\/schema.org","@graph":[{"@type":"WebPage","@id":"https:\/\/www.geniusloci-baukultur.com\/spiritplanning-kontakt","url":"https:\/\/www.geniusloci-baukultur.com\/spiritplanning-kontakt","name":"SpiritPlanning Kontakt - Genius Loci Baukultur: Innenarchitektur in einer neuen Dimension","isPartOf":{"@id":"https:\/\/www.geniusloci-baukultur.com\/#website"},"datePublished":"2023-05-03T11:57:37+00:00","dateModified":"2024-01-04T12:12:44+00:00","breadcrumb":{"@id":"https:\/\/www.geniusloci-baukultur.com\/spiritplanning-kontakt#breadcrumb"},"inLanguage":"en-US","potentialAction":[{"@type":"ReadAction","target":["https:\/\/www.geniusloci-baukultur.com\/spiritplanning-kontakt"]}]},{"@type":"BreadcrumbList","@id":"https:\/\/www.geniusloci-baukultur.com\/spiritplanning-kontakt#breadcrumb","itemListElement":[{"@type":"ListItem","position":1,"name":"Startseite","item":"https:\/\/www.geniusloci-baukultur.com\/"},{"@type":"ListItem","position":2,"name":"SpiritPlanning Kontakt"}]},{"@type":"WebSite","@id":"https:\/\/www.geniusloci-baukultur.com\/#website","url":"https:\/\/www.geniusloci-baukultur.com\/","name":"Genius Loci Baukultur: Innenarchitektur in einer neuen Dimension","description":"nachhaltig \u00b7 effektiv \u00b7 im Einklang","publisher":{"@id":"https:\/\/www.geniusloci-baukultur.com\/#organization"},"potentialAction":[{"@type":"SearchAction","target":{"@type":"EntryPoint","urlTemplate":"https:\/\/www.geniusloci-baukultur.com\/?s={search_term_string}"},"query-input":{"@type":"PropertyValueSpecification","valueRequired":true,"valueName":"search_term_string"}}],"inLanguage":"en-US"},{"@type":"Organization","@id":"https:\/\/www.geniusloci-baukultur.com\/#organization","name":"Genius Loci Baukultur GmbH","url":"https:\/\/www.geniusloci-baukultur.com\/","logo":{"@type":"ImageObject","inLanguage":"en-US","@id":"https:\/\/www.geniusloci-baukultur.com\/#\/schema\/logo\/image\/","url":"https:\/\/www.geniusloci-baukultur.com\/wp-content\/uploads\/2017\/05\/geniusloci-logo.png","contentUrl":"https:\/\/www.geniusloci-baukultur.com\/wp-content\/uploads\/2017\/05\/geniusloci-logo.png","width":600,"height":698,"caption":"Genius Loci Baukultur GmbH"},"image":{"@id":"https:\/\/www.geniusloci-baukultur.com\/#\/schema\/logo\/image\/"},"sameAs":["https:\/\/www.facebook.com\/InnenarchitektinKathrinSchmack\/","https:\/\/x.com\/0104genius2008","https:\/\/www.instagram.com\/geniuslocibaukultur\/"]}]}},"_links":{"self":[{"href":"https:\/\/www.geniusloci-baukultur.com\/en\/wp-json\/wp\/v2\/pages\/12","targetHints":{"allow":["GET"]}}],"collection":[{"href":"https:\/\/www.geniusloci-baukultur.com\/en\/wp-json\/wp\/v2\/pages"}],"about":[{"href":"https:\/\/www.geniusloci-baukultur.com\/en\/wp-json\/wp\/v2\/types\/page"}],"author":[{"embeddable":true,"href":"https:\/\/www.geniusloci-baukultur.com\/en\/wp-json\/wp\/v2\/users\/1"}],"replies":[{"embeddable":true,"href":"https:\/\/www.geniusloci-baukultur.com\/en\/wp-json\/wp\/v2\/comments?post=12"}],"version-history":[{"count":307,"href":"https:\/\/www.geniusloci-baukultur.com\/en\/wp-json\/wp\/v2\/pages\/12\/revisions"}],"predecessor-version":[{"id":14959,"href":"https:\/\/www.geniusloci-baukultur.com\/en\/wp-json\/wp\/v2\/pages\/12\/revisions\/14959"}],"wp:attachment":[{"href":"https:\/\/www.geniusloci-baukultur.com\/en\/wp-json\/wp\/v2\/media?parent=12"}],"curies":[{"name":"wp","href":"https:\/\/api.w.org\/{rel}","templated":true}]}}