{"id":13331,"date":"2023-05-03T17:38:04","date_gmt":"2023-05-03T17:38:04","guid":{"rendered":"https:\/\/www.geniusloci-baukultur.com\/?page_id=13331"},"modified":"2025-04-15T08:15:55","modified_gmt":"2025-04-15T08:15:55","slug":"archiv-modul-2-master","status":"publish","type":"page","link":"https:\/\/www.geniusloci-baukultur.com\/en\/archiv-spiritplanning-academy\/archiv-modul-2-master","title":{"rendered":"Modul 2 &#8222;MASTER&#8220; Archiv"},"content":{"rendered":"<section class=\"l-section wpb_row us_custom_9ab5b5ea sp-abr height_medium full_height valign_center\"><div class=\"l-section-overlay\" style=\"background:rgba(255,255,255,0.60)\"><\/div><div class=\"l-section-h i-cf\"><div class=\"g-cols vc_row via_flex valign_top type_default stacking_default\"><div class=\"vc_col-sm-12 wpb_column vc_column_container\"><div class=\"vc_column-inner\"><div class=\"wpb_wrapper\"><div class=\"wpb_text_column sp-a1 hide_on_default hide_on_laptops hide_on_tablets hide_on_mobiles\"><div class=\"wpb_wrapper\"><p>A<\/p>\n<\/div><\/div><div class=\"g-cols wpb_row via_flex valign_top type_default stacking_default\"><div class=\"vc_col-sm-8 wpb_column vc_column_container\"><div class=\"vc_column-inner\"><div class=\"wpb_wrapper\"><div class=\"wpb_text_column header-uppercase-23 sp-border-btm\"><div class=\"wpb_wrapper\"><h1><span class=\"w-text-value\"><span class=\"header-hghlt-23\">MODUL 2<\/span> \/\/ MASTER<\/span><\/h1>\n<\/div><\/div><h2 class=\"w-post-elm post_custom_field us_custom_e5aea6d2 subheader-23 type_text slogan color_link_inherit\"><span class=\"w-post-elm-value\">How to change our children's future<\/span><\/h2><h2 class=\"w-text us_custom_e5aea6d2 subheader-23 hide_on_default hide_on_laptops hide_on_tablets hide_on_mobiles\"><span class=\"w-text-h\"><span class=\"w-text-value\">SpiritPlanning Academy<\/span><\/span><\/h2><div class=\"w-separator size_medium\"><\/div><div class=\"w-hwrapper valign_top wrap align_none\" style=\"--hwrapper-gap:1.20rem\"><div class=\"w-btn-wrapper align_none\"><a class=\"w-btn us-btn-style_7\" title=\"Termine\" href=\"#termine\"><span class=\"w-btn-label\">Termine<\/span><\/a><\/div><div class=\"w-btn-wrapper align_none\"><a class=\"w-btn us-btn-style_7\" title=\"Inhalte\" href=\"#termine\"><span class=\"w-btn-label\">Inhalte<\/span><\/a><\/div><div class=\"w-btn-wrapper align_none hide_on_default hide_on_laptops hide_on_tablets hide_on_mobiles\"><a class=\"w-btn us-btn-style_7\" title=\"Erfahrung\" href=\"#erfahrung\"><span class=\"w-btn-label\">Was Dich erwartet<\/span><\/a><\/div><\/div><\/div><\/div><\/div><div class=\"vc_col-sm-4 wpb_column vc_column_container\"><div class=\"vc_column-inner\"><div class=\"wpb_wrapper\"><\/div><\/div><\/div><\/div><\/div><\/div><\/div><\/div><\/div><\/section><section class=\"l-section wpb_row height_large\" id=\"termine\"><div class=\"l-section-overlay\" style=\"background:#e4def1\"><\/div><div class=\"l-section-h i-cf\"><div class=\"g-cols vc_row via_flex valign_top type_default stacking_default\"><div class=\"vc_col-sm-12 wpb_column vc_column_container\"><div class=\"vc_column-inner\"><div class=\"wpb_wrapper\"><div class=\"g-cols wpb_row via_flex valign_top type_default stacking_default\" style=\"--additional-gap:.75rem;\"><div class=\"vc_col-sm-6 wpb_column vc_column_container sp-border-radius has_bg_color\"><div class=\"vc_column-inner us_custom_eeddcfd1\"><div class=\"wpb_wrapper\"><div class=\"wpb_text_column us_custom_92b2762d header-uppercase-23 sp-border-btm\"><div class=\"wpb_wrapper\"><p style=\"text-align: center;\"><span class=\"w-text-value\"><span class=\"header-hghlt-23\">Fokus: <\/span>Praxis<\/span><\/p>\n<\/div><\/div><div class=\"w-post-elm post_custom_field type_text auszug color_link_inherit\"><p>In diesem aufbauenden, ebenfalls 7-t\u00e4gigen SpiritPlanning\u00a9 Workshop komplettieren Sie Ihr Wissen durch das Integrieren von Landschaftsformeln, die Einfl\u00fcsse von Stra\u00dfen, Bergen und Wasser sowie die zeitlichen Aspekte eines Planungsverlaufes, das Arbeiten mit gutem Timing.<br \/>\nWir lernen, die Kraft der umgebenden sowie der kosmischen Energien f\u00fcr Ihre Architektur- und Raumplanungen zu nutzen, um vitale Orte f\u00fcr Wachstum, Gesundheit und Wohlstand f\u00fcr die Zukunft des Lebens auf diesem Planeten zu gestalten.<\/p>\n<\/div><\/div><\/div><\/div><div class=\"vc_col-sm-6 wpb_column vc_column_container sp-border-radius has_bg_color\"><div class=\"vc_column-inner us_custom_4fb9e5a3\"><div class=\"wpb_wrapper\"><div class=\"wpb_text_column us_custom_92b2762d header-uppercase-23 sp-border-btm\"><div class=\"wpb_wrapper\"><p style=\"text-align: center;\"><span class=\"w-text-value header-hghlt-23\">Termine:<\/span><\/p>\n<\/div><\/div><div class=\"w-grid us_grid type_grid layout_13759 no_results cols_1 preload_style_spinner\" id=\"us_grid_1\" style=\"--columns:1;--gap:1.5rem;\" data-filterable=\"true\"><style>.layout_13759 .w-grid-item-h{border-radius:0rem}.layout_13759 .usg_post_custom_field_1{width:48%!important}.layout_13759 .usg_post_custom_field_2{text-transform:uppercase!important}.layout_13759 .usg_vwrapper_2{font-size:.95rem!important;background:#eae5df!important;padding:.75rem 1rem .75rem 1.5rem!important}.layout_13759 .usg_post_custom_field_3{font-weight:600!important}.layout_13759 .usg_post_custom_field_4{width:48%!important}@media (min-width:1025px) and (max-width:1280px){.layout_13759 .usg_post_custom_field_1{width:auto!important}}@media (min-width:601px) and (max-width:1024px){.layout_13759 .usg_post_custom_field_1{width:auto!important}}@media (max-width:600px){.layout_13759 .usg_post_custom_field_1{width:auto!important}}<\/style><div class=\"w-grid-list\"><\/div>\t<div class=\"w-grid-preloader\">\r\n\t\t<div class=\"g-preloader type_2\">\r\n\t\t\t<div><\/div>\r\n\t\t<\/div>\r\n\t<\/div>\r\n\t\t<div class=\"w-grid-json hidden\" onclick='return {&quot;action&quot;:&quot;us_ajax_grid&quot;,&quot;infinite_scroll&quot;:0,&quot;max_num_pages&quot;:0,&quot;pagination&quot;:&quot;none&quot;,&quot;template_vars&quot;:{&quot;columns&quot;:&quot;1&quot;,&quot;exclude_items&quot;:&quot;none&quot;,&quot;img_size&quot;:&quot;default&quot;,&quot;ignore_items_size&quot;:0,&quot;items_layout&quot;:&quot;13759&quot;,&quot;items_offset&quot;:&quot;1&quot;,&quot;load_animation&quot;:&quot;none&quot;,&quot;overriding_link&quot;:&quot;{\\&quot;url\\&quot;:\\&quot;\\&quot;}&quot;,&quot;post_id&quot;:0,&quot;query_args&quot;:{&quot;post_type&quot;:[&quot;us_portfolio&quot;],&quot;tax_query&quot;:[{&quot;taxonomy&quot;:&quot;us_portfolio_category&quot;,&quot;field&quot;:&quot;slug&quot;,&quot;terms&quot;:[&quot;modul-2-termin&quot;]}],&quot;post_status&quot;:[&quot;publish&quot;,&quot;acf-disabled&quot;],&quot;posts_per_page&quot;:&quot;10&quot;},&quot;orderby_query_args&quot;:{&quot;orderby&quot;:{&quot;post__in&quot;:&quot;ASC&quot;},&quot;order&quot;:&quot;ASC&quot;},&quot;type&quot;:&quot;grid&quot;,&quot;us_grid_post_type&quot;:&quot;us_portfolio&quot;,&quot;us_grid_ajax_index&quot;:1,&quot;us_grid_filter_query_string&quot;:null,&quot;us_grid_index&quot;:1,&quot;page_args&quot;:[]}}'><\/div>\r\n\t<\/div><div class=\"w-grid-none type_message\">Derzeit keine Workshops<\/div><div class=\"w-separator size_custom\" style=\"height:2rem\"><\/div><div class=\"w-btn-wrapper align_center hide_on_default hide_on_laptops hide_on_tablets hide_on_mobiles\"><a class=\"w-btn us-btn-style_5\" title=\"Kontakt\" href=\"\/kontakt\"><span class=\"w-btn-label\">Jetzt anmelden<\/span><\/a><\/div><\/div><\/div><\/div><\/div><\/div><\/div><\/div><\/div><\/div><\/section>\n","protected":false},"excerpt":{"rendered":"A MODUL 2 \/\/ MASTER How to change our children's futureSpiritPlanning AcademyTermineInhalteWas Dich erwartetFokus: Praxis In diesem aufbauenden, ebenfalls 7-t\u00e4gigen SpiritPlanning\u00a9 Workshop komplettieren Sie Ihr Wissen durch das Integrieren von Landschaftsformeln, die Einfl\u00fcsse von Stra\u00dfen, Bergen und Wasser sowie die zeitlichen Aspekte eines Planungsverlaufes, das Arbeiten mit gutem Timing. Wir lernen, die Kraft der umgebenden...","protected":false},"author":1,"featured_media":12654,"parent":6366,"menu_order":0,"comment_status":"closed","ping_status":"closed","template":"","meta":{"_acf_changed":false,"footnotes":""},"class_list":["post-13331","page","type-page","status-publish","has-post-thumbnail","hentry"],"acf":[],"yoast_head":"<!-- This site is optimized with the Yoast SEO plugin v27.4 - https:\/\/yoast.com\/product\/yoast-seo-wordpress\/ -->\n<title>SpiritPlanning - Planungsraumkonzept f\u00fcr Architekten &amp; Innenarchitekten<\/title>\n<meta name=\"description\" content=\"SpiritPlanning schafft Synergien zwischen Grundriss, Formen, Farben, Materialien und Menschen in ihrem Lebensraum, Integration der westlichen und \u00f6stlichen Baukulturen.\" \/>\n<meta name=\"robots\" content=\"index, follow, max-snippet:-1, max-image-preview:large, max-video-preview:-1\" \/>\n<link rel=\"canonical\" href=\"https:\/\/www.geniusloci-baukultur.com\/en\/archiv-spiritplanning-academy\/archiv-modul-2-master\/\" \/>\n<meta property=\"og:locale\" content=\"en_US\" \/>\n<meta property=\"og:type\" content=\"article\" \/>\n<meta property=\"og:title\" content=\"SpiritPlanning - Planungsraumkonzept f\u00fcr Architekten &amp; Innenarchitekten\" \/>\n<meta property=\"og:description\" content=\"SpiritPlanning schafft Synergien zwischen Grundriss, Formen, Farben, Materialien und Menschen in ihrem Lebensraum, Integration der westlichen und \u00f6stlichen Baukulturen.\" \/>\n<meta property=\"og:url\" content=\"https:\/\/www.geniusloci-baukultur.com\/en\/archiv-spiritplanning-academy\/archiv-modul-2-master\/\" \/>\n<meta property=\"og:site_name\" content=\"Genius Loci Baukultur: Innenarchitektur in einer neuen Dimension\" \/>\n<meta property=\"article:publisher\" content=\"https:\/\/www.facebook.com\/InnenarchitektinKathrinSchmack\/\" \/>\n<meta property=\"article:modified_time\" content=\"2025-04-15T08:15:55+00:00\" \/>\n<meta property=\"og:image\" content=\"https:\/\/www.geniusloci-baukultur.com\/wp-content\/uploads\/2022\/12\/Metalschwarz@2x.png\" \/>\n\t<meta property=\"og:image:width\" content=\"350\" \/>\n\t<meta property=\"og:image:height\" content=\"350\" \/>\n\t<meta property=\"og:image:type\" content=\"image\/png\" \/>\n<meta name=\"twitter:card\" content=\"summary_large_image\" \/>\n<meta name=\"twitter:site\" content=\"@0104genius2008\" \/>\n<meta name=\"twitter:label1\" content=\"Est. reading time\" \/>\n\t<meta name=\"twitter:data1\" content=\"1 minute\" \/>\n<script type=\"application\/ld+json\" class=\"yoast-schema-graph\">{\"@context\":\"https:\\\/\\\/schema.org\",\"@graph\":[{\"@type\":\"WebPage\",\"@id\":\"https:\\\/\\\/www.geniusloci-baukultur.com\\\/archiv-spiritplanning-academy\\\/archiv-modul-2-master\",\"url\":\"https:\\\/\\\/www.geniusloci-baukultur.com\\\/archiv-spiritplanning-academy\\\/archiv-modul-2-master\",\"name\":\"SpiritPlanning - Planungsraumkonzept f\u00fcr Architekten & Innenarchitekten\",\"isPartOf\":{\"@id\":\"https:\\\/\\\/www.geniusloci-baukultur.com\\\/#website\"},\"primaryImageOfPage\":{\"@id\":\"https:\\\/\\\/www.geniusloci-baukultur.com\\\/archiv-spiritplanning-academy\\\/archiv-modul-2-master#primaryimage\"},\"image\":{\"@id\":\"https:\\\/\\\/www.geniusloci-baukultur.com\\\/archiv-spiritplanning-academy\\\/archiv-modul-2-master#primaryimage\"},\"thumbnailUrl\":\"https:\\\/\\\/www.geniusloci-baukultur.com\\\/wp-content\\\/uploads\\\/2022\\\/12\\\/Metalschwarz@2x.png\",\"datePublished\":\"2023-05-03T17:38:04+00:00\",\"dateModified\":\"2025-04-15T08:15:55+00:00\",\"description\":\"SpiritPlanning schafft Synergien zwischen Grundriss, Formen, Farben, Materialien und Menschen in ihrem Lebensraum, Integration der westlichen und \u00f6stlichen Baukulturen.\",\"breadcrumb\":{\"@id\":\"https:\\\/\\\/www.geniusloci-baukultur.com\\\/archiv-spiritplanning-academy\\\/archiv-modul-2-master#breadcrumb\"},\"inLanguage\":\"en-US\",\"potentialAction\":[{\"@type\":\"ReadAction\",\"target\":[\"https:\\\/\\\/www.geniusloci-baukultur.com\\\/archiv-spiritplanning-academy\\\/archiv-modul-2-master\"]}]},{\"@type\":\"ImageObject\",\"inLanguage\":\"en-US\",\"@id\":\"https:\\\/\\\/www.geniusloci-baukultur.com\\\/archiv-spiritplanning-academy\\\/archiv-modul-2-master#primaryimage\",\"url\":\"https:\\\/\\\/www.geniusloci-baukultur.com\\\/wp-content\\\/uploads\\\/2022\\\/12\\\/Metalschwarz@2x.png\",\"contentUrl\":\"https:\\\/\\\/www.geniusloci-baukultur.com\\\/wp-content\\\/uploads\\\/2022\\\/12\\\/Metalschwarz@2x.png\",\"width\":350,\"height\":350,\"caption\":\"Metal\"},{\"@type\":\"BreadcrumbList\",\"@id\":\"https:\\\/\\\/www.geniusloci-baukultur.com\\\/archiv-spiritplanning-academy\\\/archiv-modul-2-master#breadcrumb\",\"itemListElement\":[{\"@type\":\"ListItem\",\"position\":1,\"name\":\"Startseite\",\"item\":\"https:\\\/\\\/www.geniusloci-baukultur.com\\\/\"},{\"@type\":\"ListItem\",\"position\":2,\"name\":\"SpiritPlanning Academy Archiv\",\"item\":\"https:\\\/\\\/www.geniusloci-baukultur.com\\\/archiv-spiritplanning-academy\"},{\"@type\":\"ListItem\",\"position\":3,\"name\":\"Modul 2 &#8222;MASTER&#8220; Archiv\"}]},{\"@type\":\"WebSite\",\"@id\":\"https:\\\/\\\/www.geniusloci-baukultur.com\\\/#website\",\"url\":\"https:\\\/\\\/www.geniusloci-baukultur.com\\\/\",\"name\":\"Genius Loci Baukultur: Innenarchitektur in einer neuen Dimension\",\"description\":\"nachhaltig \u00b7 effektiv \u00b7 im Einklang\",\"publisher\":{\"@id\":\"https:\\\/\\\/www.geniusloci-baukultur.com\\\/#organization\"},\"potentialAction\":[{\"@type\":\"SearchAction\",\"target\":{\"@type\":\"EntryPoint\",\"urlTemplate\":\"https:\\\/\\\/www.geniusloci-baukultur.com\\\/?s={search_term_string}\"},\"query-input\":{\"@type\":\"PropertyValueSpecification\",\"valueRequired\":true,\"valueName\":\"search_term_string\"}}],\"inLanguage\":\"en-US\"},{\"@type\":\"Organization\",\"@id\":\"https:\\\/\\\/www.geniusloci-baukultur.com\\\/#organization\",\"name\":\"Genius Loci Baukultur GmbH\",\"url\":\"https:\\\/\\\/www.geniusloci-baukultur.com\\\/\",\"logo\":{\"@type\":\"ImageObject\",\"inLanguage\":\"en-US\",\"@id\":\"https:\\\/\\\/www.geniusloci-baukultur.com\\\/#\\\/schema\\\/logo\\\/image\\\/\",\"url\":\"https:\\\/\\\/www.geniusloci-baukultur.com\\\/wp-content\\\/uploads\\\/2017\\\/05\\\/geniusloci-logo.png\",\"contentUrl\":\"https:\\\/\\\/www.geniusloci-baukultur.com\\\/wp-content\\\/uploads\\\/2017\\\/05\\\/geniusloci-logo.png\",\"width\":600,\"height\":698,\"caption\":\"Genius Loci Baukultur GmbH\"},\"image\":{\"@id\":\"https:\\\/\\\/www.geniusloci-baukultur.com\\\/#\\\/schema\\\/logo\\\/image\\\/\"},\"sameAs\":[\"https:\\\/\\\/www.facebook.com\\\/InnenarchitektinKathrinSchmack\\\/\",\"https:\\\/\\\/x.com\\\/0104genius2008\",\"https:\\\/\\\/www.instagram.com\\\/geniuslocibaukultur\\\/\"]}]}<\/script>\n<!-- \/ Yoast SEO plugin. -->","yoast_head_json":{"title":"SpiritPlanning - Planungsraumkonzept f\u00fcr Architekten & Innenarchitekten","description":"SpiritPlanning schafft Synergien zwischen Grundriss, Formen, Farben, Materialien und Menschen in ihrem Lebensraum, Integration der westlichen und \u00f6stlichen Baukulturen.","robots":{"index":"index","follow":"follow","max-snippet":"max-snippet:-1","max-image-preview":"max-image-preview:large","max-video-preview":"max-video-preview:-1"},"canonical":"https:\/\/www.geniusloci-baukultur.com\/en\/archiv-spiritplanning-academy\/archiv-modul-2-master\/","og_locale":"en_US","og_type":"article","og_title":"SpiritPlanning - Planungsraumkonzept f\u00fcr Architekten & Innenarchitekten","og_description":"SpiritPlanning schafft Synergien zwischen Grundriss, Formen, Farben, Materialien und Menschen in ihrem Lebensraum, Integration der westlichen und \u00f6stlichen Baukulturen.","og_url":"https:\/\/www.geniusloci-baukultur.com\/en\/archiv-spiritplanning-academy\/archiv-modul-2-master\/","og_site_name":"Genius Loci Baukultur: Innenarchitektur in einer neuen Dimension","article_publisher":"https:\/\/www.facebook.com\/InnenarchitektinKathrinSchmack\/","article_modified_time":"2025-04-15T08:15:55+00:00","og_image":[{"width":350,"height":350,"url":"https:\/\/www.geniusloci-baukultur.com\/wp-content\/uploads\/2022\/12\/Metalschwarz@2x.png","type":"image\/png"}],"twitter_card":"summary_large_image","twitter_site":"@0104genius2008","twitter_misc":{"Est. reading time":"1 minute"},"schema":{"@context":"https:\/\/schema.org","@graph":[{"@type":"WebPage","@id":"https:\/\/www.geniusloci-baukultur.com\/archiv-spiritplanning-academy\/archiv-modul-2-master","url":"https:\/\/www.geniusloci-baukultur.com\/archiv-spiritplanning-academy\/archiv-modul-2-master","name":"SpiritPlanning - Planungsraumkonzept f\u00fcr Architekten & Innenarchitekten","isPartOf":{"@id":"https:\/\/www.geniusloci-baukultur.com\/#website"},"primaryImageOfPage":{"@id":"https:\/\/www.geniusloci-baukultur.com\/archiv-spiritplanning-academy\/archiv-modul-2-master#primaryimage"},"image":{"@id":"https:\/\/www.geniusloci-baukultur.com\/archiv-spiritplanning-academy\/archiv-modul-2-master#primaryimage"},"thumbnailUrl":"https:\/\/www.geniusloci-baukultur.com\/wp-content\/uploads\/2022\/12\/Metalschwarz@2x.png","datePublished":"2023-05-03T17:38:04+00:00","dateModified":"2025-04-15T08:15:55+00:00","description":"SpiritPlanning schafft Synergien zwischen Grundriss, Formen, Farben, Materialien und Menschen in ihrem Lebensraum, Integration der westlichen und \u00f6stlichen Baukulturen.","breadcrumb":{"@id":"https:\/\/www.geniusloci-baukultur.com\/archiv-spiritplanning-academy\/archiv-modul-2-master#breadcrumb"},"inLanguage":"en-US","potentialAction":[{"@type":"ReadAction","target":["https:\/\/www.geniusloci-baukultur.com\/archiv-spiritplanning-academy\/archiv-modul-2-master"]}]},{"@type":"ImageObject","inLanguage":"en-US","@id":"https:\/\/www.geniusloci-baukultur.com\/archiv-spiritplanning-academy\/archiv-modul-2-master#primaryimage","url":"https:\/\/www.geniusloci-baukultur.com\/wp-content\/uploads\/2022\/12\/Metalschwarz@2x.png","contentUrl":"https:\/\/www.geniusloci-baukultur.com\/wp-content\/uploads\/2022\/12\/Metalschwarz@2x.png","width":350,"height":350,"caption":"Metal"},{"@type":"BreadcrumbList","@id":"https:\/\/www.geniusloci-baukultur.com\/archiv-spiritplanning-academy\/archiv-modul-2-master#breadcrumb","itemListElement":[{"@type":"ListItem","position":1,"name":"Startseite","item":"https:\/\/www.geniusloci-baukultur.com\/"},{"@type":"ListItem","position":2,"name":"SpiritPlanning Academy Archiv","item":"https:\/\/www.geniusloci-baukultur.com\/archiv-spiritplanning-academy"},{"@type":"ListItem","position":3,"name":"Modul 2 &#8222;MASTER&#8220; Archiv"}]},{"@type":"WebSite","@id":"https:\/\/www.geniusloci-baukultur.com\/#website","url":"https:\/\/www.geniusloci-baukultur.com\/","name":"Genius Loci Baukultur: Innenarchitektur in einer neuen Dimension","description":"nachhaltig \u00b7 effektiv \u00b7 im Einklang","publisher":{"@id":"https:\/\/www.geniusloci-baukultur.com\/#organization"},"potentialAction":[{"@type":"SearchAction","target":{"@type":"EntryPoint","urlTemplate":"https:\/\/www.geniusloci-baukultur.com\/?s={search_term_string}"},"query-input":{"@type":"PropertyValueSpecification","valueRequired":true,"valueName":"search_term_string"}}],"inLanguage":"en-US"},{"@type":"Organization","@id":"https:\/\/www.geniusloci-baukultur.com\/#organization","name":"Genius Loci Baukultur GmbH","url":"https:\/\/www.geniusloci-baukultur.com\/","logo":{"@type":"ImageObject","inLanguage":"en-US","@id":"https:\/\/www.geniusloci-baukultur.com\/#\/schema\/logo\/image\/","url":"https:\/\/www.geniusloci-baukultur.com\/wp-content\/uploads\/2017\/05\/geniusloci-logo.png","contentUrl":"https:\/\/www.geniusloci-baukultur.com\/wp-content\/uploads\/2017\/05\/geniusloci-logo.png","width":600,"height":698,"caption":"Genius Loci Baukultur GmbH"},"image":{"@id":"https:\/\/www.geniusloci-baukultur.com\/#\/schema\/logo\/image\/"},"sameAs":["https:\/\/www.facebook.com\/InnenarchitektinKathrinSchmack\/","https:\/\/x.com\/0104genius2008","https:\/\/www.instagram.com\/geniuslocibaukultur\/"]}]}},"_links":{"self":[{"href":"https:\/\/www.geniusloci-baukultur.com\/en\/wp-json\/wp\/v2\/pages\/13331","targetHints":{"allow":["GET"]}}],"collection":[{"href":"https:\/\/www.geniusloci-baukultur.com\/en\/wp-json\/wp\/v2\/pages"}],"about":[{"href":"https:\/\/www.geniusloci-baukultur.com\/en\/wp-json\/wp\/v2\/types\/page"}],"author":[{"embeddable":true,"href":"https:\/\/www.geniusloci-baukultur.com\/en\/wp-json\/wp\/v2\/users\/1"}],"replies":[{"embeddable":true,"href":"https:\/\/www.geniusloci-baukultur.com\/en\/wp-json\/wp\/v2\/comments?post=13331"}],"version-history":[{"count":40,"href":"https:\/\/www.geniusloci-baukultur.com\/en\/wp-json\/wp\/v2\/pages\/13331\/revisions"}],"predecessor-version":[{"id":16001,"href":"https:\/\/www.geniusloci-baukultur.com\/en\/wp-json\/wp\/v2\/pages\/13331\/revisions\/16001"}],"up":[{"embeddable":true,"href":"https:\/\/www.geniusloci-baukultur.com\/en\/wp-json\/wp\/v2\/pages\/6366"}],"wp:featuredmedia":[{"embeddable":true,"href":"https:\/\/www.geniusloci-baukultur.com\/en\/wp-json\/wp\/v2\/media\/12654"}],"wp:attachment":[{"href":"https:\/\/www.geniusloci-baukultur.com\/en\/wp-json\/wp\/v2\/media?parent=13331"}],"curies":[{"name":"wp","href":"https:\/\/api.w.org\/{rel}","templated":true}]}}