{"id":8117,"date":"2017-06-09T08:38:26","date_gmt":"2017-06-09T08:38:26","guid":{"rendered":"http:\/\/new2017.geniusloci-baukultur.com\/?page_id=8117"},"modified":"2026-03-18T11:46:17","modified_gmt":"2026-03-18T11:46:17","slug":"impressum","status":"publish","type":"page","link":"https:\/\/www.geniusloci-baukultur.com\/en\/impressum","title":{"rendered":"Imprint"},"content":{"rendered":"<section class=\"l-section wpb_row us_custom_19737bc8 height_large\"><div class=\"l-section-h i-cf\"><div class=\"g-cols vc_row via_flex valign_top type_default stacking_default\"><div class=\"vc_col-sm-12 wpb_column vc_column_container\"><div class=\"vc_column-inner us_custom_887a049b\"><div class=\"wpb_wrapper\"><div class=\"w-separator size_medium\"><\/div><h1 class=\"w-post-elm post_title header-uppercase-23 align_center entry-title color_link_inherit\">Imprint<\/h1><\/div><\/div><\/div><\/div><\/div><\/section><section class=\"l-section wpb_row height_medium\"><div class=\"l-section-h i-cf\"><div class=\"g-cols vc_row via_flex valign_top type_boxes stacking_default\"><div class=\"vc_col-sm-2\/5 wpb_column vc_column_container\"><div class=\"vc_column-inner\"><div class=\"wpb_wrapper\"><div class=\"wpb_text_column us_custom_98c9ecf4\"><div class=\"wpb_wrapper\"><p><strong>Angaben gem\u00e4\u00df \u00a7 5 TMG:<\/strong><\/p>\n<\/div><\/div><div class=\"wpb_text_column\"><div class=\"wpb_wrapper\"><p><strong>Genius Loci Baukultur GmbH<\/strong><br \/>\nHerderstra\u00dfe 32<br \/>\nD \u2013 40237 D\u00fcsseldorf<\/p>\n<p><strong>Phone<\/strong>:\u00a0 +49 211 66 88 609<br \/>\n<strong>Fax<\/strong>: +49 211 66 88 607<br \/>\n<strong>Email<\/strong>: service@geniusloci-baukultur.com<\/p>\n<p><strong>Represented by:<br \/>\n<\/strong>Gesch\u00e4ftsf\u00fchrerin Milena <span>Frusteri<\/span><\/p>\n<p><strong>Registereintrag:<\/strong><br \/>\nEntry in the Commercial Register.<br \/>\nRegister court: Local court D\u00fcsseldorf<br \/>\nRegister number: HRB 58481<\/p>\n<p><strong>Tax ID number according to \u00a7 27 a Umsatzsteuergesetz:<br \/>\n<\/strong>DE259164293<\/p>\n<p>Source: <a title=\"E-Recht24.de\" href=\"http:\/\/www.e-recht24.de\" target=\"_blank\" rel=\"noopener noreferrer\">www.e-recht24.de<\/a><\/p>\n<p>&nbsp;<\/p>\n<p><span style=\"border-radius: 2px; text-indent: 20px; width: auto; padding: 0px 4px 0px 0px; text-align: center; font: bold 11px\/20px 'Helvetica Neue',Helvetica,sans-serif; color: #ffffff; background: #bd081c no-repeat scroll 3px 50% \/ 14px 14px; position: absolute; opacity: 1; z-index: 8675309; display: none; cursor: pointer;\">Merken<\/span><\/p>\n<\/div><\/div><\/div><\/div><\/div><div class=\"vc_col-sm-3\/5 wpb_column vc_column_container\"><div class=\"vc_column-inner\"><div class=\"wpb_wrapper\"><div class=\"wpb_text_column header-uppercase-23\"><div class=\"wpb_wrapper\"><h4><strong>Disclaimer:<\/strong><\/h4>\n<p><span style=\"border-radius: 2px; text-indent: 20px; width: auto; padding: 0px 4px 0px 0px; text-align: center; font: bold 11px\/20px 'Helvetica Neue',Helvetica,sans-serif; color: #ffffff; background: #bd081c no-repeat scroll 3px 50% \/ 14px 14px; position: absolute; opacity: 1; z-index: 8675309; display: none; cursor: pointer;\">Merken<\/span><\/p>\n<\/div><\/div><div class=\"w-tabs style_default switch_click accordion\" style=\"--sections-title-size:inherit\"><div class=\"w-tabs-sections titles-align_none icon_chevron cpos_right\"><div class=\"w-tabs-section active\" id=\"r4a2\"><button class=\"w-tabs-section-header active\" aria-controls=\"content-r4a2\" aria-expanded=\"true\"><div class=\"w-tabs-section-title\">Liability for contents<\/div><div class=\"w-tabs-section-control\"><\/div><\/button><div  class=\"w-tabs-section-content\" id=\"content-r4a2\"><div class=\"w-tabs-section-content-h i-cf\"><div class=\"wpb_text_column\"><div class=\"wpb_wrapper\"><p>As a service provider, we are responsible for our own content on these pages in accordance with general legislation pursuant to Section 7 (1) of the German Telemedia Act (TMG). According to \u00a7\u00a7 8 to 10 TMG, however, we are not obligated as a service provider to monitor transmitted or stored third-party information or to investigate circumstances that indicate illegal activity.<\/p>\n<p>Obligations to remove or block the use of information according to general laws remain unaffected. However, liability in this regard is only possible from the time of knowledge of a concrete infringement. If we become aware of such infringements, we will remove this content immediately.<\/p>\n<\/div><\/div><\/div><\/div><\/div><div class=\"w-tabs-section\" id=\"o5de\"><button class=\"w-tabs-section-header\" aria-controls=\"content-o5de\" aria-expanded=\"false\"><div class=\"w-tabs-section-title\">Liability for links<\/div><div class=\"w-tabs-section-control\"><\/div><\/button><div  class=\"w-tabs-section-content\" id=\"content-o5de\"><div class=\"w-tabs-section-content-h i-cf\"><div class=\"wpb_text_column\"><div class=\"wpb_wrapper\"><p>Our offer contains links to external websites of third parties, on whose contents we have no influence. Therefore, we cannot assume any liability for these external contents. The respective provider or operator of the pages is always responsible for the content of the linked pages. The linked pages were checked for possible legal violations at the time of linking. Illegal contents were not recognizable at the time of linking.<\/p>\n<p>However, a permanent control of the contents of the linked pages is not reasonable without concrete evidence of a violation of the law. If we become aware of any infringements, we will remove such links immediately.<\/p>\n<\/div><\/div><\/div><\/div><\/div><div class=\"w-tabs-section\" id=\"i6fe\"><button class=\"w-tabs-section-header\" aria-controls=\"content-i6fe\" aria-expanded=\"false\"><div class=\"w-tabs-section-title\">Copyright<\/div><div class=\"w-tabs-section-control\"><\/div><\/button><div  class=\"w-tabs-section-content\" id=\"content-i6fe\"><div class=\"w-tabs-section-content-h i-cf\"><div class=\"wpb_text_column\"><div class=\"wpb_wrapper\"><p>The content and works created by the site operators on these pages are subject to German copyright law. Duplication, processing, distribution, or any form of commercialization of such material beyond the scope of the copyright law shall require the prior written consent of its respective author or creator. Downloads and copies of this site are only permitted for private, non-commercial use.<\/p>\n<p>Insofar as the content on this page was not created by the operator, the copyrights of third parties are respected. In particular, third-party content is identified as such. Should you nevertheless become aware of a copyright infringement, we request that you notify us accordingly. If we become aware of any infringements, we will remove such content immediately.<\/p>\n<\/div><\/div><\/div><\/div><\/div><\/div><\/div><\/div><\/div><\/div><\/div><\/div><\/section>","protected":false},"excerpt":{"rendered":"ImpressumAngaben gem\u00e4\u00df \u00a7 5 TMG: Genius Loci Baukultur GmbH Herderstra\u00dfe 32 D \u2013 40237 D\u00fcsseldorf Tel.:\u00a0 +49 211 66 88 609 Fax: +49 211 66 88 607 Email: service@geniusloci-baukultur.com Vertreten durch: Gesch\u00e4ftsf\u00fchrerin Milena Frusteri Registereintrag: Eintragung im Handelsregister. Registergericht: Amtsgericht D\u00fcsseldorf Registernummer: HRB 58481 Umsatzsteuer-Identifikationsnummer gem\u00e4\u00df \u00a7 27 a Umsatzsteuergesetz: DE259164293 Quelle: www.e-recht24.de &nbsp; Merken...","protected":false},"author":1,"featured_media":0,"parent":0,"menu_order":0,"comment_status":"closed","ping_status":"closed","template":"","meta":{"_acf_changed":false,"footnotes":""},"class_list":["post-8117","page","type-page","status-publish","hentry"],"acf":[],"yoast_head":"<!-- This site is optimized with the Yoast SEO plugin v27.4 - https:\/\/yoast.com\/product\/yoast-seo-wordpress\/ -->\n<title>Impressum - Genius Loci Baukultur: Innenarchitektur in einer neuen Dimension<\/title>\n<meta name=\"robots\" content=\"index, follow, max-snippet:-1, max-image-preview:large, max-video-preview:-1\" \/>\n<link rel=\"canonical\" href=\"https:\/\/www.geniusloci-baukultur.com\/en\/impressum\/\" \/>\n<meta property=\"og:locale\" content=\"en_US\" \/>\n<meta property=\"og:type\" content=\"article\" \/>\n<meta property=\"og:title\" content=\"Impressum - Genius Loci Baukultur: Innenarchitektur in einer neuen Dimension\" \/>\n<meta property=\"og:url\" content=\"https:\/\/www.geniusloci-baukultur.com\/en\/impressum\/\" \/>\n<meta property=\"og:site_name\" content=\"Genius Loci Baukultur: Innenarchitektur in einer neuen Dimension\" \/>\n<meta property=\"article:publisher\" content=\"https:\/\/www.facebook.com\/InnenarchitektinKathrinSchmack\/\" \/>\n<meta property=\"article:modified_time\" content=\"2026-03-18T11:46:17+00:00\" \/>\n<meta name=\"twitter:card\" content=\"summary_large_image\" \/>\n<meta name=\"twitter:site\" content=\"@0104genius2008\" \/>\n<meta name=\"twitter:label1\" content=\"Est. reading time\" \/>\n\t<meta name=\"twitter:data1\" content=\"3 minutes\" \/>\n<script type=\"application\/ld+json\" class=\"yoast-schema-graph\">{\"@context\":\"https:\\\/\\\/schema.org\",\"@graph\":[{\"@type\":\"WebPage\",\"@id\":\"https:\\\/\\\/www.geniusloci-baukultur.com\\\/impressum\",\"url\":\"https:\\\/\\\/www.geniusloci-baukultur.com\\\/impressum\",\"name\":\"Impressum - Genius Loci Baukultur: Innenarchitektur in einer neuen Dimension\",\"isPartOf\":{\"@id\":\"https:\\\/\\\/www.geniusloci-baukultur.com\\\/#website\"},\"datePublished\":\"2017-06-09T08:38:26+00:00\",\"dateModified\":\"2026-03-18T11:46:17+00:00\",\"breadcrumb\":{\"@id\":\"https:\\\/\\\/www.geniusloci-baukultur.com\\\/impressum#breadcrumb\"},\"inLanguage\":\"en-US\",\"potentialAction\":[{\"@type\":\"ReadAction\",\"target\":[\"https:\\\/\\\/www.geniusloci-baukultur.com\\\/impressum\"]}]},{\"@type\":\"BreadcrumbList\",\"@id\":\"https:\\\/\\\/www.geniusloci-baukultur.com\\\/impressum#breadcrumb\",\"itemListElement\":[{\"@type\":\"ListItem\",\"position\":1,\"name\":\"Startseite\",\"item\":\"https:\\\/\\\/www.geniusloci-baukultur.com\\\/\"},{\"@type\":\"ListItem\",\"position\":2,\"name\":\"Impressum\"}]},{\"@type\":\"WebSite\",\"@id\":\"https:\\\/\\\/www.geniusloci-baukultur.com\\\/#website\",\"url\":\"https:\\\/\\\/www.geniusloci-baukultur.com\\\/\",\"name\":\"Genius Loci Baukultur: Innenarchitektur in einer neuen Dimension\",\"description\":\"nachhaltig \u00b7 effektiv \u00b7 im Einklang\",\"publisher\":{\"@id\":\"https:\\\/\\\/www.geniusloci-baukultur.com\\\/#organization\"},\"potentialAction\":[{\"@type\":\"SearchAction\",\"target\":{\"@type\":\"EntryPoint\",\"urlTemplate\":\"https:\\\/\\\/www.geniusloci-baukultur.com\\\/?s={search_term_string}\"},\"query-input\":{\"@type\":\"PropertyValueSpecification\",\"valueRequired\":true,\"valueName\":\"search_term_string\"}}],\"inLanguage\":\"en-US\"},{\"@type\":\"Organization\",\"@id\":\"https:\\\/\\\/www.geniusloci-baukultur.com\\\/#organization\",\"name\":\"Genius Loci Baukultur GmbH\",\"url\":\"https:\\\/\\\/www.geniusloci-baukultur.com\\\/\",\"logo\":{\"@type\":\"ImageObject\",\"inLanguage\":\"en-US\",\"@id\":\"https:\\\/\\\/www.geniusloci-baukultur.com\\\/#\\\/schema\\\/logo\\\/image\\\/\",\"url\":\"https:\\\/\\\/www.geniusloci-baukultur.com\\\/wp-content\\\/uploads\\\/2017\\\/05\\\/geniusloci-logo.png\",\"contentUrl\":\"https:\\\/\\\/www.geniusloci-baukultur.com\\\/wp-content\\\/uploads\\\/2017\\\/05\\\/geniusloci-logo.png\",\"width\":600,\"height\":698,\"caption\":\"Genius Loci Baukultur GmbH\"},\"image\":{\"@id\":\"https:\\\/\\\/www.geniusloci-baukultur.com\\\/#\\\/schema\\\/logo\\\/image\\\/\"},\"sameAs\":[\"https:\\\/\\\/www.facebook.com\\\/InnenarchitektinKathrinSchmack\\\/\",\"https:\\\/\\\/x.com\\\/0104genius2008\",\"https:\\\/\\\/www.instagram.com\\\/geniuslocibaukultur\\\/\"]}]}<\/script>\n<!-- \/ Yoast SEO plugin. -->","yoast_head_json":{"title":"Impressum - Genius Loci Baukultur: Innenarchitektur in einer neuen Dimension","robots":{"index":"index","follow":"follow","max-snippet":"max-snippet:-1","max-image-preview":"max-image-preview:large","max-video-preview":"max-video-preview:-1"},"canonical":"https:\/\/www.geniusloci-baukultur.com\/en\/impressum\/","og_locale":"en_US","og_type":"article","og_title":"Impressum - Genius Loci Baukultur: Innenarchitektur in einer neuen Dimension","og_url":"https:\/\/www.geniusloci-baukultur.com\/en\/impressum\/","og_site_name":"Genius Loci Baukultur: Innenarchitektur in einer neuen Dimension","article_publisher":"https:\/\/www.facebook.com\/InnenarchitektinKathrinSchmack\/","article_modified_time":"2026-03-18T11:46:17+00:00","twitter_card":"summary_large_image","twitter_site":"@0104genius2008","twitter_misc":{"Est. reading time":"3 minutes"},"schema":{"@context":"https:\/\/schema.org","@graph":[{"@type":"WebPage","@id":"https:\/\/www.geniusloci-baukultur.com\/impressum","url":"https:\/\/www.geniusloci-baukultur.com\/impressum","name":"Impressum - Genius Loci Baukultur: Innenarchitektur in einer neuen Dimension","isPartOf":{"@id":"https:\/\/www.geniusloci-baukultur.com\/#website"},"datePublished":"2017-06-09T08:38:26+00:00","dateModified":"2026-03-18T11:46:17+00:00","breadcrumb":{"@id":"https:\/\/www.geniusloci-baukultur.com\/impressum#breadcrumb"},"inLanguage":"en-US","potentialAction":[{"@type":"ReadAction","target":["https:\/\/www.geniusloci-baukultur.com\/impressum"]}]},{"@type":"BreadcrumbList","@id":"https:\/\/www.geniusloci-baukultur.com\/impressum#breadcrumb","itemListElement":[{"@type":"ListItem","position":1,"name":"Startseite","item":"https:\/\/www.geniusloci-baukultur.com\/"},{"@type":"ListItem","position":2,"name":"Impressum"}]},{"@type":"WebSite","@id":"https:\/\/www.geniusloci-baukultur.com\/#website","url":"https:\/\/www.geniusloci-baukultur.com\/","name":"Genius Loci Baukultur: Innenarchitektur in einer neuen Dimension","description":"nachhaltig \u00b7 effektiv \u00b7 im Einklang","publisher":{"@id":"https:\/\/www.geniusloci-baukultur.com\/#organization"},"potentialAction":[{"@type":"SearchAction","target":{"@type":"EntryPoint","urlTemplate":"https:\/\/www.geniusloci-baukultur.com\/?s={search_term_string}"},"query-input":{"@type":"PropertyValueSpecification","valueRequired":true,"valueName":"search_term_string"}}],"inLanguage":"en-US"},{"@type":"Organization","@id":"https:\/\/www.geniusloci-baukultur.com\/#organization","name":"Genius Loci Baukultur GmbH","url":"https:\/\/www.geniusloci-baukultur.com\/","logo":{"@type":"ImageObject","inLanguage":"en-US","@id":"https:\/\/www.geniusloci-baukultur.com\/#\/schema\/logo\/image\/","url":"https:\/\/www.geniusloci-baukultur.com\/wp-content\/uploads\/2017\/05\/geniusloci-logo.png","contentUrl":"https:\/\/www.geniusloci-baukultur.com\/wp-content\/uploads\/2017\/05\/geniusloci-logo.png","width":600,"height":698,"caption":"Genius Loci Baukultur GmbH"},"image":{"@id":"https:\/\/www.geniusloci-baukultur.com\/#\/schema\/logo\/image\/"},"sameAs":["https:\/\/www.facebook.com\/InnenarchitektinKathrinSchmack\/","https:\/\/x.com\/0104genius2008","https:\/\/www.instagram.com\/geniuslocibaukultur\/"]}]}},"_links":{"self":[{"href":"https:\/\/www.geniusloci-baukultur.com\/en\/wp-json\/wp\/v2\/pages\/8117","targetHints":{"allow":["GET"]}}],"collection":[{"href":"https:\/\/www.geniusloci-baukultur.com\/en\/wp-json\/wp\/v2\/pages"}],"about":[{"href":"https:\/\/www.geniusloci-baukultur.com\/en\/wp-json\/wp\/v2\/types\/page"}],"author":[{"embeddable":true,"href":"https:\/\/www.geniusloci-baukultur.com\/en\/wp-json\/wp\/v2\/users\/1"}],"replies":[{"embeddable":true,"href":"https:\/\/www.geniusloci-baukultur.com\/en\/wp-json\/wp\/v2\/comments?post=8117"}],"version-history":[{"count":36,"href":"https:\/\/www.geniusloci-baukultur.com\/en\/wp-json\/wp\/v2\/pages\/8117\/revisions"}],"predecessor-version":[{"id":16136,"href":"https:\/\/www.geniusloci-baukultur.com\/en\/wp-json\/wp\/v2\/pages\/8117\/revisions\/16136"}],"wp:attachment":[{"href":"https:\/\/www.geniusloci-baukultur.com\/en\/wp-json\/wp\/v2\/media?parent=8117"}],"curies":[{"name":"wp","href":"https:\/\/api.w.org\/{rel}","templated":true}]}}