{"id":9634,"date":"2018-05-14T13:04:53","date_gmt":"2018-05-14T13:04:53","guid":{"rendered":"http:\/\/www.geniusloci-baukultur.com\/?page_id=9634"},"modified":"2026-03-18T11:47:22","modified_gmt":"2026-03-18T11:47:22","slug":"datenschutzerklaerung","status":"publish","type":"page","link":"https:\/\/www.geniusloci-baukultur.com\/en\/datenschutzerklaerung","title":{"rendered":"PRIVACY POLICY"},"content":{"rendered":"<section class=\"l-section wpb_row height_large\"><div class=\"l-section-h i-cf\"><div class=\"g-cols vc_row via_flex valign_top type_default stacking_default\"><div class=\"vc_col-sm-12 wpb_column vc_column_container\"><div class=\"vc_column-inner us_custom_887a049b\"><div class=\"wpb_wrapper\"><div class=\"w-separator size_medium\"><\/div><div class=\"g-cols wpb_row via_flex valign_top type_default stacking_default\"><div class=\"vc_col-sm-2 wpb_column vc_column_container\"><div class=\"vc_column-inner\"><div class=\"wpb_wrapper\"><\/div><\/div><\/div><div class=\"vc_col-sm-8 wpb_column vc_column_container\"><div class=\"vc_column-inner\"><div class=\"wpb_wrapper\"><h1 class=\"w-post-elm post_title header-uppercase-23 entry-title color_link_inherit\">PRIVACY POLICY<\/h1><div class=\"wpb_text_column\"><div class=\"wpb_wrapper\"><h4>1. DATA PROTECTION AT A GLANCE<\/h4>\n<p><strong>General information<\/strong><\/p>\n<p>The following gives a simple overview of what happens to your personal information when you visit our website. Personal information is any data with which you could be personally identified. Detailed information on the subject of data protection can be found in our privacy policy found below.<\/p>\n<p><strong>Data collection on our website<\/strong><\/p>\n<p>Who is responsible for the data collection on this website?<br \/>\nThe data collected on this website are processed by the website operator. The operator\u2019s contact details can be found in the website\u2019s required legal notice.<\/p>\n<p><em>How do we collect your data?<\/em><br \/>\nSome data are collected when you provide it to us. This could, for example, be data you enter on a contact form.<\/p>\n<p>Other data are collected automatically by our IT systems when you visit the website. These data are primarily technical data such as the browser and operating system you are using or when you accessed the page. These data are collected automatically as soon as you enter our website.<\/p>\n<p><em>What do we use your data for?<\/em><br \/>\nPart of the data is collected to ensure the proper functioning of the website. Other data can be used to analyze how visitors use the site.<\/p>\n<p><em>What rights do you have regarding your data?<\/em><br \/>\nYou always have the right to request information about your stored data, its origin, its recipients, and the purpose of its collection at no charge. You also have the right to request that it be corrected, blocked, or deleted. You can contact us at any time using the address given in the legal notice if you have further questions about the issue of privacy and data protection. You may also, of course, file a complaint with the competent regulatory authorities.<\/p>\n<p><strong>Analysis tools and tools from third-party providers<\/strong><\/p>\n<p>When visiting our website, your surfing behavior may be statistically analyzed. This is done primarily with cookies and with so-called analysis programs. The analysis of your surfing behavior is usually anonymous; the surfing behavior cannot be traced back to you. You can object to this analysis or prevent it by not using certain tools. You can find detailed information on this in the following privacy policy.<\/p>\n<p>You can object to this analysis. We will inform you about the objection options in this privacy policy.<\/p>\n<h4>Hosting<\/h4>\n<p>Wir hosten die Inhalte unserer Website bei folgendem Anbieter:<\/p>\n<p><strong>Externes Hosting<br \/>\n<\/strong>Diese Website wird extern gehostet. Die personenbezogenen Daten, die auf dieser Website erfasst werden, werden auf den Servern des Hosters \/ der Hoster gespeichert. Hierbei kann es sich v. a. um IP-Adressen, Kontaktanfragen, Meta- und Kommunikationsdaten, Vertragsdaten, Kontaktdaten, Namen, Websitezugriffe und sonstige Daten, die u\u0308ber eine Website generiert werden, handeln.<\/p>\n<p>Das externe Hosting erfolgt zum Zwecke der Vertragserfu\u0308llung gegenu\u0308ber unseren potenziellen und bestehenden Kunden (Art. 6 Abs. 1 lit. b DSGVO) und im Interesse einer sicheren, schnellen und effizienten Bereitstellung unseres Online-Angebots durch einen professionellen Anbieter (Art. 6 Abs. 1 lit. f DSGVO). Sofern eine entsprechende Einwilligung abgefragt wurde, erfolgt die Verarbeitung ausschlie\u00dflich auf Grundlage von Art. 6 Abs. 1 lit. a DSGVO und \u00a7 25 Abs. 1 TTDSG, soweit die Einwilligung die Speicherung von Cookies oder den Zugriff auf Informationen im Endger\u00e4t des Nutzers (z. B. Device-Fingerprinting) im Sinne des TTDSG umfasst. Die Einwilligung ist jederzeit widerrufbar.<\/p>\n<p>Unser Hoster wird Ihre Daten nur insoweit verarbeiten, wie dies zur Erfu\u0308llung seiner Leistungspflichten erforderlich ist und unsere Weisungen in Bezug auf diese Daten befolgen.<\/p>\n<p>Wir setzen folgenden Hoster ein:<\/p>\n<p>IONOS SE<br \/>\nElgendorfer Str. 57<br \/>\n56410 Montabaur<\/p>\n<p><strong>Auftragsverarbeitung<br \/>\n<\/strong>Wir haben einen Vertrag u\u0308ber Auftragsverarbeitung (AVV) mit dem oben genannten Anbieter geschlossen. Hierbei handelt es sich um einen datenschutzrechtlich vorgeschriebenen Vertrag, der gew\u00e4hrleistet, dass dieser die personenbezogenen Daten unserer Websitebesucher nur nach unseren Weisungen und unter Einhaltung der DSGVO verarbeitet.<\/p>\n<h4>2. General notes and mandatory information<\/h4>\n<p><strong>Data protection<\/strong><\/p>\n<p>The operators of these pages take the protection of your personal data very seriously. We treat your personal data confidentially and in accordance with the statutory data protection regulations and this data protection declaration.<\/p>\n<p>When you use this website, various personal data are collected. Personal data is data with which you can be personally identified. This privacy policy explains what data we collect and what we use it for. It also explains how and for what purpose this is done.<\/p>\n<p>We advise that data transmission on the Internet (e.g. communication by e-mail) may have security gaps. A complete protection of the data against access by third parties is not possible.<\/p>\n<p><strong>Note on the responsible party<\/strong><\/p>\n<p>The responsible party for data processing on this website is:<\/p>\n<p>Genius Loci Baukultur GmbH<br \/>\nOffice for architecture &amp; interior design and landscape architecture<br \/>\nHerderstra\u00dfe 32<br \/>\nD \u2013 40237 D\u00fcsseldorf<\/p>\n<p>Phone: +49 211 66 88 609<br \/>\nFax: +49 211 66 88 607<br \/>\nEmail: service@geniusloci-baukultur.com<\/p>\n<p>The controller is the natural or legal person who alone or jointly with others determines the purposes and means of the processing of personal data (e.g. names, e-mail addresses or similar).<\/p>\n<p><strong>Revocation of your consent to data processing<\/strong><\/p>\n<p>Many data processing operations are only possible with your express consent. You can revoke an already given consent at any time. For this purpose, an informal communication by e-mail to us is sufficient. The legality of the data processing carried out until the revocation remains unaffected by the revocation.<\/p>\n<p><strong>Right of complaint to the competent supervisory authority<\/strong><\/p>\n<p>In the event of violations of data protection law, the person concerned has the right to lodge a complaint with the competent supervisory authority. The competent supervisory authority for data protection issues is the state data protection commissioner of the federal state in which our company is based. A list of the data protection officers and their contact details can be found at the following link: https:\/\/www.bfdi.bund.de\/DE\/Infothek\/Anschriften_Links\/anschriften_links-node.html.<\/p>\n<p><strong>Right to data portability<\/strong><\/p>\n<p>You have the right to have data that we process automatically on the basis of your consent or in fulfillment of a contract handed over to you or to a third party in a common, machine-readable format. If you request the direct transfer of the data to another responsible party, this will only be done insofar as it is technically feasible.<\/p>\n<p><strong>SSL or TLS encryption<\/strong><\/p>\n<p>For security reasons and to protect the transmission of confidential content, such as orders or requests that you send to us as the site operator, this site uses SSL or TLS encryption. You can recognize an encrypted connection by the fact that the address line of the browser changes from \"http:\/\/\" to \"https:\/\/\" and by the lock symbol in your browser line.<\/p>\n<p>If SSL or TLS encryption is activated, the data you transmit to us cannot be read by third parties.<\/p>\n<h4>3. Data collection on our website<\/h4>\n<p><strong>Cookies<\/strong><\/p>\n<p>Some of our web pages use cookies. Cookies do not harm your computer and do not contain any viruses. Cookies help make our website more user-friendly, efficient, and secure. Cookies are small text files that are stored on your computer and saved by your browser.<\/p>\n<p>Most of the cookies we use are so-called \"session cookies\". They are automatically deleted after the end of your visit. Other cookies remain stored on your terminal device until you delete them. These cookies allow us to recognize your browser on your next visit.<\/p>\n<p>You can set your browser so that you are informed about the setting of cookies and only allow cookies in individual cases, exclude the acceptance of cookies for certain cases or in general and activate the automatic deletion of cookies when closing the browser. If cookies are deactivated, the functionality of this website may be limited.<\/p>\n<p>Cookies which are necessary to allow electronic communications or to provide certain functions you wish to use (such as the shopping cart) are stored pursuant to Art. 6 paragraph 1, letter f of DSGVO. The website operator has a legitimate interest in the storage of cookies to ensure an optimized service provided free of technical errors. If other cookies (such as those used to analyze your surfing behavior) are also stored, they will be treated separately in this privacy policy.<\/p>\n<p><strong>Contact form<\/strong><\/p>\n<p>If you send us inquiries via the contact form, the information you provide in the inquiry form, including the contact data you provide there, will be stored by us for the purpose of processing the inquiry and in case of follow-up questions. We do not pass on this data without your consent.<\/p>\n<p>The processing of the data entered in the contact form is therefore based exclusively on your consent (Art. 6 para. 1 lit. a DSGVO). You can revoke this consent at any time. For this purpose, an informal communication by e-mail to us is sufficient. The legality of the data processing operations carried out until the revocation remains unaffected by the revocation.<\/p>\n<p>The data you entered in the contact form will remain with us until you request us to delete it, revoke your consent to store it, or the purpose for storing the data no longer applies (e.g. after we have completed processing your request). Mandatory legal provisions - in particular retention periods - remain unaffected.<\/p>\n<h4>4. Plugins und Tools<\/h4>\n<p><strong>Google Maps<\/strong><\/p>\n<p>This website uses the map service Google Maps via an API. The provider is Google Inc, 1600 Amphitheatre Parkway, Mountain View, CA 94043, USA.<\/p>\n<p>To use the functions of Google Maps, it is necessary to store your IP address. This information is usually transferred to a Google server in the USA and stored there. The provider of this site has no influence on this data transmission.<\/p>\n<p>The use of Google Maps is in the interest of an appealing presentation of our online offers and an easy location of the places indicated by us on the website. This represents a legitimate interest within the meaning of Art. 6 para. 1 lit. f DSGVO.<\/p>\n<p>More information on the handling of user data can be found in Google's privacy policy: <a href=\"https:\/\/policies.google.com\/privacy?hl=en\" target=\"_blank\" rel=\"noopener noreferrer\">https:\/\/policies.google.com\/privacy?hl=en<\/a>.<\/p>\n<p><strong>Google Web Fonts (lokales Hosting)<\/strong><\/p>\n<p>Diese Seite nutzt zur einheitlichen Darstellung von Schriftarten so genannte Web Fonts, die von Google bereitgestellt werden. Die Google Fonts sind lokal installiert. Eine Verbindung zu Servern von Google findet dabei nicht statt.<\/p>\n<p>Weitere Informationen zu Google Web Fonts finden Sie unter <a href=\"https:\/\/developers.google.com\/fonts\/faq\" target=\"_blank\" rel=\"noopener noreferrer\">https:\/\/developers.google.com\/fonts\/faq<\/a> und in der Datenschutzerkl\u00e4rung von Google: <a href=\"https:\/\/policies.google.com\/privacy?hl=de\" target=\"_blank\" rel=\"noopener noreferrer\">https:\/\/policies.google.com\/privacy?hl=de<\/a>.<\/p>\n<\/div><\/div><\/div><\/div><\/div><div class=\"vc_col-sm-2 wpb_column vc_column_container\"><div class=\"vc_column-inner\"><div class=\"wpb_wrapper\"><\/div><\/div><\/div><\/div><\/div><\/div><\/div><\/div><\/div><\/section>","protected":false},"excerpt":{"rendered":"Datenschutzerkl\u00e4rung1. Datenschutz auf einen Blick Allgemeine Hinweise Die folgenden Hinweise geben einen einfachen \u00dcberblick dar\u00fcber, was mit Ihren personenbezogenen Daten passiert, wenn Sie unsere Website besuchen. Personenbezogene Daten sind alle Daten, mit denen Sie pers\u00f6nlich identifiziert werden k\u00f6nnen. Ausf\u00fchrliche Informationen zum Thema Datenschutz entnehmen Sie unserer unter diesem Text aufgef\u00fchrten Datenschutzerkl\u00e4rung. Datenerfassung auf unserer Website...","protected":false},"author":1,"featured_media":0,"parent":0,"menu_order":0,"comment_status":"closed","ping_status":"closed","template":"","meta":{"_acf_changed":false,"footnotes":""},"class_list":["post-9634","page","type-page","status-publish","hentry"],"acf":[],"yoast_head":"<!-- This site is optimized with the Yoast SEO plugin v27.4 - https:\/\/yoast.com\/product\/yoast-seo-wordpress\/ -->\n<title>Genius Loci Baukultur: Innenarchitektur in einer neuen Dimension Architekturb\u00fcro in D\u00fcsseldorf<\/title>\n<meta name=\"description\" content=\"Entdecken Sie unser Architekturb\u00fcro in D\u00fcsseldorf! Wir vereinen Funktionalit\u00e4t und \u00c4sthetik. Kontaktieren Sie uns f\u00fcr Ihr n\u00e4chstes Bauvorhaben!\" \/>\n<meta name=\"robots\" content=\"index, follow, max-snippet:-1, max-image-preview:large, max-video-preview:-1\" \/>\n<link rel=\"canonical\" href=\"https:\/\/www.geniusloci-baukultur.com\/en\/datenschutzerklaerung\/\" \/>\n<meta property=\"og:locale\" content=\"en_US\" \/>\n<meta property=\"og:type\" content=\"article\" \/>\n<meta property=\"og:title\" content=\"Genius Loci Baukultur: Innenarchitektur in einer neuen Dimension Architekturb\u00fcro in D\u00fcsseldorf\" \/>\n<meta property=\"og:description\" content=\"Entdecken Sie unser Architekturb\u00fcro in D\u00fcsseldorf! Wir vereinen Funktionalit\u00e4t und \u00c4sthetik. Kontaktieren Sie uns f\u00fcr Ihr n\u00e4chstes Bauvorhaben!\" \/>\n<meta property=\"og:url\" content=\"https:\/\/www.geniusloci-baukultur.com\/en\/datenschutzerklaerung\/\" \/>\n<meta property=\"og:site_name\" content=\"Genius Loci Baukultur: Innenarchitektur in einer neuen Dimension\" \/>\n<meta property=\"article:publisher\" content=\"https:\/\/www.facebook.com\/InnenarchitektinKathrinSchmack\/\" \/>\n<meta property=\"article:modified_time\" content=\"2026-03-18T11:47:22+00:00\" \/>\n<meta name=\"twitter:card\" content=\"summary_large_image\" \/>\n<meta name=\"twitter:site\" content=\"@0104genius2008\" \/>\n<meta name=\"twitter:label1\" content=\"Est. reading time\" \/>\n\t<meta name=\"twitter:data1\" content=\"9 minutes\" \/>\n<script type=\"application\/ld+json\" class=\"yoast-schema-graph\">{\"@context\":\"https:\\\/\\\/schema.org\",\"@graph\":[{\"@type\":\"WebPage\",\"@id\":\"https:\\\/\\\/www.geniusloci-baukultur.com\\\/datenschutzerklaerung\",\"url\":\"https:\\\/\\\/www.geniusloci-baukultur.com\\\/datenschutzerklaerung\",\"name\":\"Genius Loci Baukultur: Innenarchitektur in einer neuen Dimension Architekturb\u00fcro in D\u00fcsseldorf\",\"isPartOf\":{\"@id\":\"https:\\\/\\\/www.geniusloci-baukultur.com\\\/#website\"},\"datePublished\":\"2018-05-14T13:04:53+00:00\",\"dateModified\":\"2026-03-18T11:47:22+00:00\",\"description\":\"Entdecken Sie unser Architekturb\u00fcro in D\u00fcsseldorf! Wir vereinen Funktionalit\u00e4t und \u00c4sthetik. Kontaktieren Sie uns f\u00fcr Ihr n\u00e4chstes Bauvorhaben!\",\"breadcrumb\":{\"@id\":\"https:\\\/\\\/www.geniusloci-baukultur.com\\\/datenschutzerklaerung#breadcrumb\"},\"inLanguage\":\"en-US\",\"potentialAction\":[{\"@type\":\"ReadAction\",\"target\":[\"https:\\\/\\\/www.geniusloci-baukultur.com\\\/datenschutzerklaerung\"]}]},{\"@type\":\"BreadcrumbList\",\"@id\":\"https:\\\/\\\/www.geniusloci-baukultur.com\\\/datenschutzerklaerung#breadcrumb\",\"itemListElement\":[{\"@type\":\"ListItem\",\"position\":1,\"name\":\"Startseite\",\"item\":\"https:\\\/\\\/www.geniusloci-baukultur.com\\\/\"},{\"@type\":\"ListItem\",\"position\":2,\"name\":\"Datenschutzerkl\u00e4rung\"}]},{\"@type\":\"WebSite\",\"@id\":\"https:\\\/\\\/www.geniusloci-baukultur.com\\\/#website\",\"url\":\"https:\\\/\\\/www.geniusloci-baukultur.com\\\/\",\"name\":\"Genius Loci Baukultur: Innenarchitektur in einer neuen Dimension\",\"description\":\"nachhaltig \u00b7 effektiv \u00b7 im Einklang\",\"publisher\":{\"@id\":\"https:\\\/\\\/www.geniusloci-baukultur.com\\\/#organization\"},\"potentialAction\":[{\"@type\":\"SearchAction\",\"target\":{\"@type\":\"EntryPoint\",\"urlTemplate\":\"https:\\\/\\\/www.geniusloci-baukultur.com\\\/?s={search_term_string}\"},\"query-input\":{\"@type\":\"PropertyValueSpecification\",\"valueRequired\":true,\"valueName\":\"search_term_string\"}}],\"inLanguage\":\"en-US\"},{\"@type\":\"Organization\",\"@id\":\"https:\\\/\\\/www.geniusloci-baukultur.com\\\/#organization\",\"name\":\"Genius Loci Baukultur GmbH\",\"url\":\"https:\\\/\\\/www.geniusloci-baukultur.com\\\/\",\"logo\":{\"@type\":\"ImageObject\",\"inLanguage\":\"en-US\",\"@id\":\"https:\\\/\\\/www.geniusloci-baukultur.com\\\/#\\\/schema\\\/logo\\\/image\\\/\",\"url\":\"https:\\\/\\\/www.geniusloci-baukultur.com\\\/wp-content\\\/uploads\\\/2017\\\/05\\\/geniusloci-logo.png\",\"contentUrl\":\"https:\\\/\\\/www.geniusloci-baukultur.com\\\/wp-content\\\/uploads\\\/2017\\\/05\\\/geniusloci-logo.png\",\"width\":600,\"height\":698,\"caption\":\"Genius Loci Baukultur GmbH\"},\"image\":{\"@id\":\"https:\\\/\\\/www.geniusloci-baukultur.com\\\/#\\\/schema\\\/logo\\\/image\\\/\"},\"sameAs\":[\"https:\\\/\\\/www.facebook.com\\\/InnenarchitektinKathrinSchmack\\\/\",\"https:\\\/\\\/x.com\\\/0104genius2008\",\"https:\\\/\\\/www.instagram.com\\\/geniuslocibaukultur\\\/\"]}]}<\/script>\n<!-- \/ Yoast SEO plugin. -->","yoast_head_json":{"title":"Genius Loci Baukultur: Innenarchitektur in einer neuen Dimension Architekturb\u00fcro in D\u00fcsseldorf","description":"Entdecken Sie unser Architekturb\u00fcro in D\u00fcsseldorf! Wir vereinen Funktionalit\u00e4t und \u00c4sthetik. Kontaktieren Sie uns f\u00fcr Ihr n\u00e4chstes Bauvorhaben!","robots":{"index":"index","follow":"follow","max-snippet":"max-snippet:-1","max-image-preview":"max-image-preview:large","max-video-preview":"max-video-preview:-1"},"canonical":"https:\/\/www.geniusloci-baukultur.com\/en\/datenschutzerklaerung\/","og_locale":"en_US","og_type":"article","og_title":"Genius Loci Baukultur: Innenarchitektur in einer neuen Dimension Architekturb\u00fcro in D\u00fcsseldorf","og_description":"Entdecken Sie unser Architekturb\u00fcro in D\u00fcsseldorf! Wir vereinen Funktionalit\u00e4t und \u00c4sthetik. Kontaktieren Sie uns f\u00fcr Ihr n\u00e4chstes Bauvorhaben!","og_url":"https:\/\/www.geniusloci-baukultur.com\/en\/datenschutzerklaerung\/","og_site_name":"Genius Loci Baukultur: Innenarchitektur in einer neuen Dimension","article_publisher":"https:\/\/www.facebook.com\/InnenarchitektinKathrinSchmack\/","article_modified_time":"2026-03-18T11:47:22+00:00","twitter_card":"summary_large_image","twitter_site":"@0104genius2008","twitter_misc":{"Est. reading time":"9 minutes"},"schema":{"@context":"https:\/\/schema.org","@graph":[{"@type":"WebPage","@id":"https:\/\/www.geniusloci-baukultur.com\/datenschutzerklaerung","url":"https:\/\/www.geniusloci-baukultur.com\/datenschutzerklaerung","name":"Genius Loci Baukultur: Innenarchitektur in einer neuen Dimension Architekturb\u00fcro in D\u00fcsseldorf","isPartOf":{"@id":"https:\/\/www.geniusloci-baukultur.com\/#website"},"datePublished":"2018-05-14T13:04:53+00:00","dateModified":"2026-03-18T11:47:22+00:00","description":"Entdecken Sie unser Architekturb\u00fcro in D\u00fcsseldorf! Wir vereinen Funktionalit\u00e4t und \u00c4sthetik. Kontaktieren Sie uns f\u00fcr Ihr n\u00e4chstes Bauvorhaben!","breadcrumb":{"@id":"https:\/\/www.geniusloci-baukultur.com\/datenschutzerklaerung#breadcrumb"},"inLanguage":"en-US","potentialAction":[{"@type":"ReadAction","target":["https:\/\/www.geniusloci-baukultur.com\/datenschutzerklaerung"]}]},{"@type":"BreadcrumbList","@id":"https:\/\/www.geniusloci-baukultur.com\/datenschutzerklaerung#breadcrumb","itemListElement":[{"@type":"ListItem","position":1,"name":"Startseite","item":"https:\/\/www.geniusloci-baukultur.com\/"},{"@type":"ListItem","position":2,"name":"Datenschutzerkl\u00e4rung"}]},{"@type":"WebSite","@id":"https:\/\/www.geniusloci-baukultur.com\/#website","url":"https:\/\/www.geniusloci-baukultur.com\/","name":"Genius Loci Baukultur: Innenarchitektur in einer neuen Dimension","description":"nachhaltig \u00b7 effektiv \u00b7 im Einklang","publisher":{"@id":"https:\/\/www.geniusloci-baukultur.com\/#organization"},"potentialAction":[{"@type":"SearchAction","target":{"@type":"EntryPoint","urlTemplate":"https:\/\/www.geniusloci-baukultur.com\/?s={search_term_string}"},"query-input":{"@type":"PropertyValueSpecification","valueRequired":true,"valueName":"search_term_string"}}],"inLanguage":"en-US"},{"@type":"Organization","@id":"https:\/\/www.geniusloci-baukultur.com\/#organization","name":"Genius Loci Baukultur GmbH","url":"https:\/\/www.geniusloci-baukultur.com\/","logo":{"@type":"ImageObject","inLanguage":"en-US","@id":"https:\/\/www.geniusloci-baukultur.com\/#\/schema\/logo\/image\/","url":"https:\/\/www.geniusloci-baukultur.com\/wp-content\/uploads\/2017\/05\/geniusloci-logo.png","contentUrl":"https:\/\/www.geniusloci-baukultur.com\/wp-content\/uploads\/2017\/05\/geniusloci-logo.png","width":600,"height":698,"caption":"Genius Loci Baukultur GmbH"},"image":{"@id":"https:\/\/www.geniusloci-baukultur.com\/#\/schema\/logo\/image\/"},"sameAs":["https:\/\/www.facebook.com\/InnenarchitektinKathrinSchmack\/","https:\/\/x.com\/0104genius2008","https:\/\/www.instagram.com\/geniuslocibaukultur\/"]}]}},"_links":{"self":[{"href":"https:\/\/www.geniusloci-baukultur.com\/en\/wp-json\/wp\/v2\/pages\/9634","targetHints":{"allow":["GET"]}}],"collection":[{"href":"https:\/\/www.geniusloci-baukultur.com\/en\/wp-json\/wp\/v2\/pages"}],"about":[{"href":"https:\/\/www.geniusloci-baukultur.com\/en\/wp-json\/wp\/v2\/types\/page"}],"author":[{"embeddable":true,"href":"https:\/\/www.geniusloci-baukultur.com\/en\/wp-json\/wp\/v2\/users\/1"}],"replies":[{"embeddable":true,"href":"https:\/\/www.geniusloci-baukultur.com\/en\/wp-json\/wp\/v2\/comments?post=9634"}],"version-history":[{"count":30,"href":"https:\/\/www.geniusloci-baukultur.com\/en\/wp-json\/wp\/v2\/pages\/9634\/revisions"}],"predecessor-version":[{"id":16137,"href":"https:\/\/www.geniusloci-baukultur.com\/en\/wp-json\/wp\/v2\/pages\/9634\/revisions\/16137"}],"wp:attachment":[{"href":"https:\/\/www.geniusloci-baukultur.com\/en\/wp-json\/wp\/v2\/media?parent=9634"}],"curies":[{"name":"wp","href":"https:\/\/api.w.org\/{rel}","templated":true}]}}